{"id":26,"date":"2016-06-22T13:48:31","date_gmt":"2016-06-22T11:48:31","guid":{"rendered":"http:\/\/gonett.pl\/wp\/wp\/?page_id=26"},"modified":"2016-06-22T14:30:13","modified_gmt":"2016-06-22T12:30:13","slug":"brak-obrazu","status":"publish","type":"page","link":"https:\/\/media-serwis.pl\/?page_id=26","title":{"rendered":"brak obrazu problem BGA"},"content":{"rendered":"<p>Je\u015bli na ekranie Twojego komputera pojawiaj\u0105 si\u0119 dziwne znaki, kreski, kropeczki lub komputer uruchamia si\u0119, a na ekranie nie pojawia si\u0119 obraz to oznaka uszkodzonego uk\u0142adu grafiki. Jest to do\u015b\u0107 cz\u0119sta przypad\u0142o\u015b\u0107 notebook\u00f3w z &#8222;silnym&#8221; uk\u0142adem grafiki (np. Nvidii lub Ati). Dociskanie lub podgrzewanie mo\u017ce tylko nieodwracalnie uszkodzi\u0107 uk\u0142ad lub p\u0142yt\u0119 g\u0142\u00f3wn\u0105. Wielokrotne w\u0142\u0105czanie tak uszkodzonego komputera nie jest wskazane.<br \/>\nWykonujemy r\u00f3wnie\u017c naprawy innych urz\u0105dze\u0144 z tak\u0105 metod\u0105 monta\u017cu uk\u0142ad\u00f3w &#8211; uk\u0142ady sterowania maszyn, sterowniki silnik\u00f3w spalinowych.<\/p>\n<p>Oferujemy mo\u017cliwo\u015b\u0107 naprawy uk\u0142ad\u00f3w BGA poprzez postawienie uk\u0142ad\u00f3w na nowo lub je\u015bli uk\u0142ad jest uszkodzony monta\u017c nowego uk\u0142adu.<\/p>\n<p>Objawy uszkodzonego uk\u0142adu grafik:<br \/>\n<a href=\"http:\/\/gonett.pl\/wp\/wp\/wp-content\/uploads\/2016\/06\/dcim002.jpg\"><img decoding=\"async\" loading=\"lazy\" class=\"alignnone size-medium wp-image-35\" src=\"http:\/\/gonett.pl\/wp\/wp\/wp-content\/uploads\/2016\/06\/dcim002-300x200.jpg\" alt=\"dcim002\" width=\"640\" height=\"480\" \/><\/a><\/p>\n<p>Zdj\u0119cie pokazuj\u0105ce demonta\u017c uk\u0142adu w naszej siedzibie:<\/p>\n<p><a href=\"http:\/\/gonett.pl\/wp\/wp\/wp-content\/uploads\/2016\/06\/cimg3193-small.jpg\"><img decoding=\"async\" loading=\"lazy\" class=\"alignnone size-medium wp-image-36\" src=\"http:\/\/gonett.pl\/wp\/wp\/wp-content\/uploads\/2016\/06\/cimg3193-small-300x225.jpg\" alt=\"cimg3193 small\" width=\"640\" height=\"480\" srcset=\"https:\/\/media-serwis.pl\/wp-content\/uploads\/2016\/06\/cimg3193-small-300x225.jpg 300w, https:\/\/media-serwis.pl\/wp-content\/uploads\/2016\/06\/cimg3193-small-285x214.jpg 285w, https:\/\/media-serwis.pl\/wp-content\/uploads\/2016\/06\/cimg3193-small.jpg 640w\" sizes=\"(max-width: 640px) 100vw, 640px\" \/><\/a><\/p>\n<p><a href=\"http:\/\/gonett.pl\/wp\/wp\/wp-content\/uploads\/2016\/06\/cimg3194-small.jpg\"><img decoding=\"async\" loading=\"lazy\" class=\"alignnone size-medium wp-image-37\" src=\"http:\/\/gonett.pl\/wp\/wp\/wp-content\/uploads\/2016\/06\/cimg3194-small-300x225.jpg\" alt=\"cimg3194 small\" width=\"640\" height=\"480\" srcset=\"https:\/\/media-serwis.pl\/wp-content\/uploads\/2016\/06\/cimg3194-small-300x225.jpg 300w, https:\/\/media-serwis.pl\/wp-content\/uploads\/2016\/06\/cimg3194-small-285x214.jpg 285w, https:\/\/media-serwis.pl\/wp-content\/uploads\/2016\/06\/cimg3194-small.jpg 640w\" sizes=\"(max-width: 640px) 100vw, 640px\" \/><\/a><\/p>\n<p><a href=\"http:\/\/gonett.pl\/wp\/wp\/wp-content\/uploads\/2016\/06\/cimg3195-small.jpg\"><img decoding=\"async\" loading=\"lazy\" class=\"alignnone size-medium wp-image-38\" src=\"http:\/\/gonett.pl\/wp\/wp\/wp-content\/uploads\/2016\/06\/cimg3195-small-300x225.jpg\" alt=\"cimg3195 small\" width=\"640\" height=\"480\" srcset=\"https:\/\/media-serwis.pl\/wp-content\/uploads\/2016\/06\/cimg3195-small-300x225.jpg 300w, https:\/\/media-serwis.pl\/wp-content\/uploads\/2016\/06\/cimg3195-small-285x214.jpg 285w, https:\/\/media-serwis.pl\/wp-content\/uploads\/2016\/06\/cimg3195-small.jpg 640w\" sizes=\"(max-width: 640px) 100vw, 640px\" \/><\/a><\/p>\n<p><a href=\"http:\/\/gonett.pl\/wp\/wp\/wp-content\/uploads\/2016\/06\/cimg3196-small.jpg\"><img decoding=\"async\" loading=\"lazy\" class=\"alignnone size-medium wp-image-39\" src=\"http:\/\/gonett.pl\/wp\/wp\/wp-content\/uploads\/2016\/06\/cimg3196-small-300x225.jpg\" alt=\"cimg3196 small\" width=\"640\" height=\"480\" srcset=\"https:\/\/media-serwis.pl\/wp-content\/uploads\/2016\/06\/cimg3196-small-300x225.jpg 300w, https:\/\/media-serwis.pl\/wp-content\/uploads\/2016\/06\/cimg3196-small-285x214.jpg 285w, https:\/\/media-serwis.pl\/wp-content\/uploads\/2016\/06\/cimg3196-small.jpg 640w\" sizes=\"(max-width: 640px) 100vw, 640px\" \/><\/a><\/p>\n","protected":false},"excerpt":{"rendered":"<p>Je\u015bli na ekranie Twojego komputera pojawiaj\u0105 si\u0119 dziwne znaki, kreski, kropeczki lub komputer uruchamia si\u0119, a na ekranie nie pojawia si\u0119 obraz to oznaka uszkodzonego uk\u0142adu grafiki. Jest to do\u015b\u0107 cz\u0119sta przypad\u0142o\u015b\u0107 notebook\u00f3w z &#8222;silnym&#8221; uk\u0142adem grafiki (np. Nvidii lub Ati). Dociskanie lub podgrzewanie mo\u017ce tylko nieodwracalnie uszkodzi\u0107 uk\u0142ad lub p\u0142yt\u0119 g\u0142\u00f3wn\u0105. Wielokrotne w\u0142\u0105czanie tak <a href=\"https:\/\/media-serwis.pl\/?page_id=26\" rel=\"nofollow\"><span class=\"sr-only\">Read more about brak obrazu problem BGA<\/span>[&hellip;]<\/a><\/p>\n","protected":false},"author":1,"featured_media":0,"parent":0,"menu_order":0,"comment_status":"closed","ping_status":"closed","template":"","meta":[],"_links":{"self":[{"href":"https:\/\/media-serwis.pl\/index.php?rest_route=\/wp\/v2\/pages\/26"}],"collection":[{"href":"https:\/\/media-serwis.pl\/index.php?rest_route=\/wp\/v2\/pages"}],"about":[{"href":"https:\/\/media-serwis.pl\/index.php?rest_route=\/wp\/v2\/types\/page"}],"author":[{"embeddable":true,"href":"https:\/\/media-serwis.pl\/index.php?rest_route=\/wp\/v2\/users\/1"}],"replies":[{"embeddable":true,"href":"https:\/\/media-serwis.pl\/index.php?rest_route=%2Fwp%2Fv2%2Fcomments&post=26"}],"version-history":[{"count":4,"href":"https:\/\/media-serwis.pl\/index.php?rest_route=\/wp\/v2\/pages\/26\/revisions"}],"predecessor-version":[{"id":41,"href":"https:\/\/media-serwis.pl\/index.php?rest_route=\/wp\/v2\/pages\/26\/revisions\/41"}],"wp:attachment":[{"href":"https:\/\/media-serwis.pl\/index.php?rest_route=%2Fwp%2Fv2%2Fmedia&parent=26"}],"curies":[{"name":"wp","href":"https:\/\/api.w.org\/{rel}","templated":true}]}}