{"id":21,"date":"2016-06-22T13:00:37","date_gmt":"2016-06-22T11:00:37","guid":{"rendered":"http:\/\/gonett.pl\/wp\/wp\/?page_id=21"},"modified":"2016-06-22T13:00:37","modified_gmt":"2016-06-22T11:00:37","slug":"zbity-ekran","status":"publish","type":"page","link":"https:\/\/media-serwis.pl\/?page_id=21","title":{"rendered":"zbity ekran"},"content":{"rendered":"<p>Oferujemy wymian\u0119 matryc w notebookach, tabletach oraz smartfonach. Posiadamy w ofercie matryce nowe oraz u\u017cywane z gwarancj\u0105. Matryce popularnych rozmiar\u00f3w 15,6&#8243; oraz 15,4&#8243; posiadamy najcz\u0119\u015bciej na miejscu.<\/p>\n","protected":false},"excerpt":{"rendered":"<p>Oferujemy wymian\u0119 matryc w notebookach, tabletach oraz smartfonach. Posiadamy w ofercie matryce nowe oraz u\u017cywane z gwarancj\u0105. Matryce popularnych rozmiar\u00f3w 15,6&#8243; oraz 15,4&#8243; posiadamy najcz\u0119\u015bciej na miejscu.<\/p>\n","protected":false},"author":1,"featured_media":0,"parent":0,"menu_order":0,"comment_status":"closed","ping_status":"closed","template":"","meta":[],"_links":{"self":[{"href":"https:\/\/media-serwis.pl\/index.php?rest_route=\/wp\/v2\/pages\/21"}],"collection":[{"href":"https:\/\/media-serwis.pl\/index.php?rest_route=\/wp\/v2\/pages"}],"about":[{"href":"https:\/\/media-serwis.pl\/index.php?rest_route=\/wp\/v2\/types\/page"}],"author":[{"embeddable":true,"href":"https:\/\/media-serwis.pl\/index.php?rest_route=\/wp\/v2\/users\/1"}],"replies":[{"embeddable":true,"href":"https:\/\/media-serwis.pl\/index.php?rest_route=%2Fwp%2Fv2%2Fcomments&post=21"}],"version-history":[{"count":2,"href":"https:\/\/media-serwis.pl\/index.php?rest_route=\/wp\/v2\/pages\/21\/revisions"}],"predecessor-version":[{"id":23,"href":"https:\/\/media-serwis.pl\/index.php?rest_route=\/wp\/v2\/pages\/21\/revisions\/23"}],"wp:attachment":[{"href":"https:\/\/media-serwis.pl\/index.php?rest_route=%2Fwp%2Fv2%2Fmedia&parent=21"}],"curies":[{"name":"wp","href":"https:\/\/api.w.org\/{rel}","templated":true}]}}