{"id":19,"date":"2016-06-22T12:55:33","date_gmt":"2016-06-22T10:55:33","guid":{"rendered":"http:\/\/gonett.pl\/wp\/wp\/?page_id=19"},"modified":"2016-06-22T12:55:33","modified_gmt":"2016-06-22T10:55:33","slug":"po-zalaniu","status":"publish","type":"page","link":"https:\/\/media-serwis.pl\/?page_id=19","title":{"rendered":"po zalaniu"},"content":{"rendered":"<p><span style=\"font-family: verdana,geneva;\">Dzi\u0119ki zastosowaniu specjalnej wanny ultrad\u017awi\u0119kowej du\u017cej pojemno\u015bci jeste\u015bmy wstanie czy\u015bci\u0107 ca\u0142e p\u0142yty g\u0142\u00f3wne (np. notebook\u00f3w) po zalaniu, zabrudzeniu, zapyleniu. Taka metoda pozwala na dotarcie przez specjalny p\u0142yn do najg\u0142\u0119bszych szczelin i poprzez drgania usun\u0105\u0107 osady niedost\u0119pne za pomoc\u0105 tradycyjnych metod. <\/span><\/p>\n<p><strong><span style=\"font-family: verdana,geneva;\">Je\u015bli zdarzy si\u0119 zalanie sprz\u0119tu pami\u0119taj aby jak najszybciej od\u0142\u0105czy\u0107 je od \u017ar\u00f3d\u0142a zasilania oraz wyj\u0105\u0107 bateri\u0119 lub akumulator. <\/span><\/strong><\/p>\n<p><span style=\"font-family: verdana,geneva;\">Ta metoda pozwala r\u00f3wnie\u017c usun\u0105\u0107 osady po zalaniu obiektyw\u00f3w aparat\u00f3w cyfrowych.<\/span><\/p>\n","protected":false},"excerpt":{"rendered":"<p>Dzi\u0119ki zastosowaniu specjalnej wanny ultrad\u017awi\u0119kowej du\u017cej pojemno\u015bci jeste\u015bmy wstanie czy\u015bci\u0107 ca\u0142e p\u0142yty g\u0142\u00f3wne (np. notebook\u00f3w) po zalaniu, zabrudzeniu, zapyleniu. Taka metoda pozwala na dotarcie przez specjalny p\u0142yn do najg\u0142\u0119bszych szczelin i poprzez drgania usun\u0105\u0107 osady niedost\u0119pne za pomoc\u0105 tradycyjnych metod. Je\u015bli zdarzy si\u0119 zalanie sprz\u0119tu pami\u0119taj aby jak najszybciej od\u0142\u0105czy\u0107 je od \u017ar\u00f3d\u0142a zasilania oraz <a href=\"https:\/\/media-serwis.pl\/?page_id=19\" rel=\"nofollow\"><span class=\"sr-only\">Read more about po zalaniu<\/span>[&hellip;]<\/a><\/p>\n","protected":false},"author":1,"featured_media":0,"parent":0,"menu_order":0,"comment_status":"closed","ping_status":"closed","template":"","meta":[],"_links":{"self":[{"href":"https:\/\/media-serwis.pl\/index.php?rest_route=\/wp\/v2\/pages\/19"}],"collection":[{"href":"https:\/\/media-serwis.pl\/index.php?rest_route=\/wp\/v2\/pages"}],"about":[{"href":"https:\/\/media-serwis.pl\/index.php?rest_route=\/wp\/v2\/types\/page"}],"author":[{"embeddable":true,"href":"https:\/\/media-serwis.pl\/index.php?rest_route=\/wp\/v2\/users\/1"}],"replies":[{"embeddable":true,"href":"https:\/\/media-serwis.pl\/index.php?rest_route=%2Fwp%2Fv2%2Fcomments&post=19"}],"version-history":[{"count":1,"href":"https:\/\/media-serwis.pl\/index.php?rest_route=\/wp\/v2\/pages\/19\/revisions"}],"predecessor-version":[{"id":20,"href":"https:\/\/media-serwis.pl\/index.php?rest_route=\/wp\/v2\/pages\/19\/revisions\/20"}],"wp:attachment":[{"href":"https:\/\/media-serwis.pl\/index.php?rest_route=%2Fwp%2Fv2%2Fmedia&parent=19"}],"curies":[{"name":"wp","href":"https:\/\/api.w.org\/{rel}","templated":true}]}}